{"id":66,"date":"2013-09-02T11:03:12","date_gmt":"2013-09-02T09:03:12","guid":{"rendered":"http:\/\/menzendorff.de\/?page_id=66"},"modified":"2018-02-11T21:08:00","modified_gmt":"2018-02-11T19:08:00","slug":"literatur","status":"publish","type":"page","link":"http:\/\/menzendorff.de\/?page_id=66","title":{"rendered":"Literatur"},"content":{"rendered":"<p align=\"left\">v. ALVENSLEBEN, Reimar, Friedrich von Alvensleben, Letzter Pr\u00e4zeptor von Alemanien und Slawien, LePa Lehmann &amp; Patzner, Erfurt, 2008<\/p>\n<p align=\"left\">AMIS de l&#8216; INSOLITE, Sites Templiers, St. Cyr-sur-Loire, 2007, Tome I<\/p>\n<p align=\"left\">AMIS de l&#8216; INSOLITE, Sites Templiers, St. Cyr-sur-Loire, 2008, Tome II<\/p>\n<p align=\"left\">AMIS de l&#8216; INSOLITE, Sites Templiers, St. Cyr-sur-Loire, 2007, Tome III<\/p>\n<p align=\"left\">ANONYMUS, Histoire de l&#8217;Abolition de l&#8217;Ordre des Templiers, Belin, Paris 1779, Nachdruck Lacour, Nimes 1999<\/p>\n<p>ARCHEOLOGICA, (Zeitschr), les Templiers presence et enigme, Nr. 27 1969<\/p>\n<p>ARNAUDIES, Fernand, Les Templiers en Roussillon, Belisane, Nice, 1986<\/p>\n<p>AUBARBIER, Jean-Luc, BINET, Michel, Les Sites Templiers de France, \u00c8ditions Ouest-France, Rennes, 1995<\/p>\n<p>AUBARBIER, Jean-Luc, La France des Templiers, \u00c8ditions Ouest-France, Rennes, 2007 (\u00fcberarbeitete Neuauflage des vorher zitierten Werkes)<\/p>\n<p>BARBER, Malcolm, Die Templer, Geschichte und Mythos, Artemis &amp; Winkler, 2. Aufl., D\u00fcsseldorf 2006<\/p>\n<p>de BEZAURE, Bernard Falque, Sur les traces des Templiers de Vaucluse, Les Milles 1996<\/p>\n<p>BONNET, Emile, Les Maisons de l&#8217;Ordre du Temple dans le Languedoc Mediterran\u00e9en, Nimes, 1934<\/p>\n<p>BORDONOVE, Georges, La Tragedie des Templiers, Pygmalion, Paris 1993<\/p>\n<p>BORDONOVE, Georges, La Vie Quotidienne des Templiers au XIIIe siecle, Hachette 1975<\/p>\n<p>BORDONOVE, Georges, Les Templiers, Ex. No. 886, Paris 1963<\/p>\n<p align=\"left\">BRIGHTON, Simon, In Search of the Knights Templar, Phoenix, London, 2008<\/p>\n<p align=\"left\">CAPONE Bianca, IMPERIO Loredana, VALENTINI Enzo, Guida all&#8217;Italia dei Templari, Edizione Mediterranee, 2. edizione 2002, Rom<\/p>\n<p>CHARPENTIER, Louis, Les myst\u00e8res Templiers, Laffont, Paris, 1967<\/p>\n<p>CHARPENTIER, John, L&#8217;Ordre des Templiers, La Colombe, Paris 1944<\/p>\n<p>de CORSON, Guillotin, Les Templiers en Bretagne et les Hospitaliers de Saint-Jean de Jerusalem, Yoran embanner, Nachdruck von 1902 Nantes,<\/p>\n<p>CZMARA, Jean-Claude, Sur les Traces des Templiers, N\u00e9mont 1970<\/p>\n<p>DAILLIEZ, Laurent, La France des Templiers, Guide Marabout, 1974 Verviers (Belg.)<\/p>\n<p>DAILLIEZ, Laurent, Les Templiers ces inconnus, Libr. Acad. Perrin, Paris 1972<\/p>\n<p>DEMURGER, Alain, Die Templer, Aufstieg und Untergang, C.H. Beck, M\u00fcnchen 2005<\/p>\n<p>DEMURGER, Alain, Der letzte Templer, C.H. Beck, M\u00fcnchen 2005<\/p>\n<p>DUBOURG, Jacques, Les Templiers dans le Sud-Ouest, \u00c9ditions Sud Ouest, Lu\u00e7on, 2001<\/p>\n<p>DUMONTIER, Michel, Sur les pas des Templiers \u00e0 Paris et en Ile de France, Copernic, Paris 1979<\/p>\n<p>DUMONTIER, Michel, Sur les pas des Templiers en Bretagne\/Normandie\/Pays de Loire, Copernic, Paris 1980<\/p>\n<p>DENIEL, Ren\u00e9-Yves, Sol ponens, L&#8217;or des Templiers, Guy Tr\u00e9daniel Editeur, 1992 Paris (Roman)<\/p>\n<p>DUBOURG, Jacques, Les Templiers dans le Sud-Ouest, \u00c8ditions Sud Ouest 2001<\/p>\n<p>DU-PUY, Pierre, Histoire de l&#8217;Ordre militaire des Templiers, Br\u00fcssel 1751, Nachdruck Lacour, Nimes 2002<\/p>\n<p>FERRETTI, Mauro Giorgio, Sulle Orme dei Templari, Volume I, Italia del Nord, Reggio Emilia, 2003<\/p>\n<p>FERRETTI, Mauro Giorgio, Sulle Orme dei Templari, Volume II, Italia del Centro, Reggio Emilia, 2001<\/p>\n<p>FERRETTI, Mauro Giorgio, Sulle Orme dei Templari, Volume III, Italia del Sud, Reggio Emilia, 2003<\/p>\n<p>FLEIG, Alain, Les Templiers et leur mystere, 1. Les Templiers en Europe, \u00c8ditions Famot, Geneve 1981<\/p>\n<p>FLEIG, Alain, Les Templiers et leur mystere, 2. La Terre des Croisades, \u00c8ditions Famot, Geneve 1981<\/p>\n<p>FRALE, Barbara, Les Templiers, Belin, 2008, mit Vorwort von Umberto Eco (\u00dcbersetzung des Buches I Templari von 2004)<\/p>\n<p>FRIZOT, Julien, Sur les pas des Templiers en terre de France, Editions Ouest-France, Rennes 2005<\/p>\n<p>FRIZOT, Julien, Les grands sites templiers en France, Editions Ouest-France, Rennes 2005<\/p>\n<p>FUGUET, Joan y PLAZA, Carme, Los Templarios en la Peninsula Ib\u00e9rica, Barcelona, 2005<\/p>\n<p>GAILLARD, Daniel, Les hauts-lieux Templiers, Nimes, 2005<\/p>\n<p>GIRARD-AUGRY, Pierre, Aux origines de l&#8217;Ordre du Temple, Editions Opera, Nates 1992<\/p>\n<p>G***, M.. Auteur des Beaut\u00e9s de l&#8216; Histoire de l&#8217;Empire Germanique, Beaut\u00e9s de l&#8217;Histoire des Croisades, Libraire Eymery, Paris, 1820<\/p>\n<p align=\"left\">HOLLOWAY, Diane &amp; COLTON, Trish, The Knights Templar in Yorkshire, The History Press, Stroud, 2008<\/p>\n<p>HOSTEN, Jan, De tempeliers, De tempelorde tijdens de kruistochten en in de Lage Landen, Pearson Benelux, 2006 (handsigniert)<\/p>\n<p>HUCHET, Patrick, Les Templiers, De la gloire \u00e0 la trag\u00e9die, Editions Ouest-France, Rennes 2002<\/p>\n<p>KIESS, George, Des Templiers en Haut-Raz\u00e8s, Campagne-sur-Aude, 1990<\/p>\n<p>LAMY, Michel, Les templiers, Leurs moeurs, leurs rites, leurs secrets, Auberon, 1997<\/p>\n<p>LANGLOIS, Charles V., Le Proces des Templiers, Editions Les Pers\u00e9ides, Becherel, 2004<\/p>\n<p>LASCAUX, Michel, Les Templiers en Bretagne, Ouest-France, Rennes, 1979<\/p>\n<p>LASCAUX, Michel, Les Templiers en Normandie, Ouest-France, Rennes, 1983<\/p>\n<p>LEGMAN, Gherson, La Culpabilit\u00e9 des Templiers, Edition Artefact, 1966<\/p>\n<p>LEGRAS, Anne-Marie, Les Commanderies des Templiers et des Hospitaliers de Saint-Jean de J\u00e9rusalem en Saintonge et en Aunis, Editions du CNRS, Paris 1983<\/p>\n<p>LEHMANN, Gunther, PATZNER, Christian, Die Templer in Mitteldeutschland, Erfurt 2004<\/p>\n<p>LEHMANN, Gunther, PATZNER, Christian, Die Templer in Ostdeutschland, Erfurt 2005<\/p>\n<p>LEROY, Thierry, Hugues de Payns, Chevalier Champenois, 2. redigierte Aufl., Ed. Boulanger, Troyes 2001, (handsigniert)<\/p>\n<p>LIZERAND, Georges, L&#8217;Affaire des Templiers, Axiome Boulogne, 1999<\/p>\n<p>de MAHIEU, Jacques, Les Templiers en Am\u00e9rique, J&#8217;ai lu, Laffont 1981<\/p>\n<p>MARIE, Delphine, Les Templiers dans le Dioc\u00e8se de Langres, Langres<\/p>\n<p>MARINEO, Sabina, Die Templer, der Gral, Bohmeier-Verlag, Lepizig 2005<\/p>\n<p>MARINEO, Sabina, Die verborgene Kirche des Grals, Bohmeier-Verlag, Lepizig 2007<\/p>\n<p>MARKALE, Jean, Gisors et l&#8217;Enigme des Templiers, Pygmalion, Paris 1986<\/p>\n<p>MAZI\u00c8RES, Maurice-Ren\u00e9, Myst\u00e8res et Secrets des Templiers du B\u00e9zu, 1972, Ausgabe P\u00e9gase 2005<\/p>\n<p>MELVILLE, Marion, La Vie des Templiers, Edition Gallimard, 1974<\/p>\n<p>METROPOLIS (Zeitschrift) No. 005 Dec. 2007, Le Cr\u00e9puscule des Templiers en Lorraine<\/p>\n<p>MIQUEL, Jacques, Larzac Templar and Hospitalier Sites and Rouergue Commanderies, Millau, 2002<\/p>\n<p>MIGUET, Michel, Les Templiers en Bourgogne, \u00c8ditions de l&#8217;Arman\u00e7on, 2009<\/p>\n<p>NEUNDLINGER, Ferdinand, M\u00dcKSCH, Manfred, Die Templer in \u00d6sterreich, Edition zum rauhen Stein, 2001, 2005 Innsbruck<\/p>\n<p align=\"left\">NICHOLSON, Helen J., The Knights Templar on Trial, The History Press, Stroud, 2009<\/p>\n<p>OLLIVIER, Albert, Les Templiers, \u00c9ditions du Seuil, Paris, 1958<\/p>\n<p>OURSEL, Raymond, Le Proc\u00e8s des Templiers, Ex. No. 418,<br \/>\nTournon, 1955<\/p>\n<p>PERNOUD, R\u00e9gine, Les Templiers, Chavaliers du Christ, Gallimard 1995, 2006<\/p>\n<p>PICAR, Michel, les Templiers, MA Ed. Paris 1985<\/p>\n<p>le POINT (Zeitschrift), Ao\u00fbt 2005 No 1717, Les Templiers, Leur l\u00e9gende, leur histoire vraie, leurs commanderies en France<\/p>\n<p>RAYNOUARD, M., Proc\u00e8s et Condamnation des Templiers, Gervais et Maison, Paris 1805, Nachdruck Lacour, Nimes 1999<\/p>\n<p>RAYNOUARD, M., Monumens Historiques relatifs a la condamnation des Chevaliers du Temple, Paris 1813, Nachdruck Lacour, Nimes 1999<\/p>\n<p>REJU, Daniel, La Quete des Templiers Et l&#8217;Orient, Editions du Rocher, 1979<\/p>\n<p>ROY, J.-J.-E., Histoire des Templiers, 6. Aufl., Tours, 1866<\/p>\n<p>VINAS, Robert, Le proc\u00e8s des Templiers du Roussillon, Pollestres, 2009<\/p>\n<p>WILCKE, Ferdinand, Die Geschichte des Ordens der Tempelherren, Halle 1860, 2 Auflage, eingeleitet und herausgegeben von Frenschkowski, Marco. 2005 Marixverlag.<\/p>\n<p>ZIEGLER, Cornelia, Provence, Auf den Spuren der Templer, Bielefeld, 2006<\/p>\n<p>&nbsp;<\/p>\n<p>&nbsp;<\/p>\n<p>Stand 2011 (mu\u00df dringend \u00fcberarbeitet werden)<\/p>\n","protected":false},"excerpt":{"rendered":"<p>v. ALVENSLEBEN, Reimar, Friedrich von Alvensleben, Letzter Pr\u00e4zeptor von Alemanien und Slawien, LePa Lehmann &amp; Patzner, Erfurt, 2008 AMIS de l&#8216; INSOLITE, Sites Templiers, St. Cyr-sur-Loire, 2007, Tome I AMIS de l&#8216; INSOLITE, Sites Templiers, St. Cyr-sur-Loire, 2008, Tome II AMIS de l&#8216; INSOLITE, Sites Templiers, St. Cyr-sur-Loire, 2007, Tome III ANONYMUS, Histoire de l&#8217;Abolition [&hellip;]<\/p>\n","protected":false},"author":1,"featured_media":0,"parent":0,"menu_order":0,"comment_status":"closed","ping_status":"closed","template":"page-templates\/full-width.php","meta":[],"_links":{"self":[{"href":"http:\/\/menzendorff.de\/index.php?rest_route=\/wp\/v2\/pages\/66"}],"collection":[{"href":"http:\/\/menzendorff.de\/index.php?rest_route=\/wp\/v2\/pages"}],"about":[{"href":"http:\/\/menzendorff.de\/index.php?rest_route=\/wp\/v2\/types\/page"}],"author":[{"embeddable":true,"href":"http:\/\/menzendorff.de\/index.php?rest_route=\/wp\/v2\/users\/1"}],"replies":[{"embeddable":true,"href":"http:\/\/menzendorff.de\/index.php?rest_route=%2Fwp%2Fv2%2Fcomments&post=66"}],"version-history":[{"count":12,"href":"http:\/\/menzendorff.de\/index.php?rest_route=\/wp\/v2\/pages\/66\/revisions"}],"predecessor-version":[{"id":1527,"href":"http:\/\/menzendorff.de\/index.php?rest_route=\/wp\/v2\/pages\/66\/revisions\/1527"}],"wp:attachment":[{"href":"http:\/\/menzendorff.de\/index.php?rest_route=%2Fwp%2Fv2%2Fmedia&parent=66"}],"curies":[{"name":"wp","href":"https:\/\/api.w.org\/{rel}","templated":true}]}}